{"id":980,"date":"2021-06-26T06:06:26","date_gmt":"2021-06-26T06:06:26","guid":{"rendered":"https:\/\/etgcorporate.com\/index.php\/home\/"},"modified":"2022-08-18T00:04:11","modified_gmt":"2022-08-18T00:04:11","slug":"home","status":"publish","type":"page","link":"https:\/\/etgcorporate.com\/","title":{"rendered":"Home"},"content":{"rendered":"\t\t<div data-elementor-type=\"wp-page\" data-elementor-id=\"980\" class=\"elementor elementor-980\">\n\t\t\t\t\t\t\t\t\t<section class=\"elementor-section elementor-top-section elementor-element elementor-element-f15f11c elementor-section-boxed elementor-section-height-default elementor-section-height-default\" data-id=\"f15f11c\" data-element_type=\"section\">\n\t\t\t\t\t\t<div class=\"elementor-container elementor-column-gap-default\">\n\t\t\t\t\t<div class=\"elementor-column elementor-col-100 elementor-top-column elementor-element elementor-element-455cbca\" data-id=\"455cbca\" data-element_type=\"column\">\n\t\t\t<div class=\"elementor-widget-wrap elementor-element-populated\">\n\t\t\t\t\t\t\t\t<div class=\"elementor-element elementor-element-d36b608 elementor-widget elementor-widget-image\" data-id=\"d36b608\" data-element_type=\"widget\" data-widget_type=\"image.default\">\n\t\t\t\t<div class=\"elementor-widget-container\">\n\t\t\t<style>\/*! elementor - v3.7.1 - 14-08-2022 *\/\n.elementor-widget-image{text-align:center}.elementor-widget-image a{display:inline-block}.elementor-widget-image a img[src$=\".svg\"]{width:48px}.elementor-widget-image img{vertical-align:middle;display:inline-block}<\/style>\t\t\t\t\t\t\t\t\t\t\t\t<img loading=\"lazy\" decoding=\"async\" width=\"300\" height=\"200\" src=\"https:\/\/etgcorporate.com\/wp-content\/uploads\/2022\/08\/cropped-Logo-ETG-Corp-Max-Res-193x129.png\" class=\"attachment-medium size-medium\" alt=\"\" srcset=\"https:\/\/etgcorporate.com\/wp-content\/uploads\/2022\/08\/cropped-Logo-ETG-Corp-Max-Res-300x200.png 300w, https:\/\/etgcorporate.com\/wp-content\/uploads\/2022\/08\/cropped-Logo-ETG-Corp-Max-Res-1024x683.png 1024w, https:\/\/etgcorporate.com\/wp-content\/uploads\/2022\/08\/cropped-Logo-ETG-Corp-Max-Res-768x512.png 768w, https:\/\/etgcorporate.com\/wp-content\/uploads\/2022\/08\/cropped-Logo-ETG-Corp-Max-Res-193x129.png 193w, https:\/\/etgcorporate.com\/wp-content\/uploads\/2022\/08\/cropped-Logo-ETG-Corp-Max-Res.png 1266w\" sizes=\"(max-width: 300px) 100vw, 300px\" \/>\t\t\t\t\t\t\t\t\t\t\t\t\t\t\t<\/div>\n\t\t\t\t<\/div>\n\t\t\t\t<div class=\"elementor-element elementor-element-43c1c2a elementor-widget elementor-widget-text-editor\" data-id=\"43c1c2a\" data-element_type=\"widget\" data-widget_type=\"text-editor.default\">\n\t\t\t\t<div class=\"elementor-widget-container\">\n\t\t\t<style>\/*! elementor - v3.7.1 - 14-08-2022 *\/\n.elementor-widget-text-editor.elementor-drop-cap-view-stacked .elementor-drop-cap{background-color:#818a91;color:#fff}.elementor-widget-text-editor.elementor-drop-cap-view-framed .elementor-drop-cap{color:#818a91;border:3px solid;background-color:transparent}.elementor-widget-text-editor:not(.elementor-drop-cap-view-default) .elementor-drop-cap{margin-top:8px}.elementor-widget-text-editor:not(.elementor-drop-cap-view-default) .elementor-drop-cap-letter{width:1em;height:1em}.elementor-widget-text-editor .elementor-drop-cap{float:left;text-align:center;line-height:1;font-size:50px}.elementor-widget-text-editor .elementor-drop-cap-letter{display:inline-block}<\/style>\t\t\t\t<p>ETG Corporate le ofrece una variedad de servicios y productos manteniendo un compromiso de calidad, flexibilidad y orientaci\u00f3n al cliente. Gracias a nuestros\u00a0 sistemas de evaluaci\u00f3n y presupuestos a medida, somos capaces de valorar eficientemente las necesidades de nuestros clientes aportando soluciones econ\u00f3micamente rentables, inmediatas las 24 horas los 365 d\u00edas del a\u00f1o.<\/p><p>Contamos\u00a0 con un equipo de supervisores que controlan y coordinan constantemente el buen funcionamiento de nuestra variedad de soluciones. Adem\u00e1s, ponemos\u00a0 a disposici\u00f3n del cliente un consultor que conoce el mercado y aporta las mejores soluciones.<\/p><p><strong>Misi\u00f3n<\/strong><\/p><p>Guiar, acompa\u00f1ar y aportar soluciones a las necesidades de las empresas o las organizaciones \u00a0en la gesti\u00f3n de sus negocios, realizando las acciones \u00a0necesarias para alcanzar sus objetivos impulsando su crecimiento y beneficio empresarial. Prestando servicios centrados en la creaci\u00f3n de resultados positivos para nuestros clientes.<\/p><p><strong>Visi\u00f3n<\/strong><\/p><p>Ser un referente para nuestros clientes por nuestra calidad en el servicio, vinculaci\u00f3n a sus objetivos, compromiso y resoluci\u00f3n profesional de sus necesidades.<\/p><p><strong>Honestidad<\/strong><\/p><p>Es el principal valor diferencial de la marca, la obligaci\u00f3n de hacer las cosas bien desde la integridad y el respecto a la \u00e9tica profesional, aportando al cliente un servicio de calidad que proporcione valor y resultados.<\/p><p><strong>Compromiso<\/strong><\/p><p>La vinculaci\u00f3n m\u00e1xima con los objetivos de nuestros clientes es una prueba del compromiso y de la responsabilidad que asumimos en cada proyecto. Por ello, nuestro trato es siempre cercano y personalizado, convirti\u00e9ndonos en parte del equipo de las empresas para alcanzar con \u00e9xito los objetivos comunes.<\/p><p><strong>Experiencia<\/strong><\/p><p>Los m\u00e1s de 10 a\u00f1os de servicio a nuestros clientes, diferencian nuestro trabajo, proporcionando un conocimiento y habilidad muy productiva en las distintas \u00e1reas, procedimientos y sectores.<\/p><p><strong>Profesionalismo<\/strong><\/p><p>Contamos con una base humana de expertos altamente calificados, junto con una apuesta por la innovaci\u00f3n y las nuevas tecnolog\u00edas, nos permite abordar cualquier necesidad de forma \u00e1gil y eficaz.<\/p><p>Nos apoyamos\u00a0 con un equipo de supervisores que controlan y coordinan constantemente el buen funcionamiento de nuestra variedad de soluciones. Adem\u00e1s, ponemos\u00a0 a disposici\u00f3n del cliente un consultor que conoce el mercado y aporta las mejores soluciones.<\/p>\t\t\t\t\t\t<\/div>\n\t\t\t\t<\/div>\n\t\t\t\t<div class=\"elementor-element elementor-element-f1ff6b5 elementor-widget elementor-widget-text-editor\" data-id=\"f1ff6b5\" data-element_type=\"widget\" data-widget_type=\"text-editor.default\">\n\t\t\t\t<div class=\"elementor-widget-container\">\n\t\t\t\t\t\t\t<p>Somos una organizaci\u00f3n humana dedicada a satisfacer las necesidades de nuestros clientes por medio de Redes Empresariales o de lazo abierto. Creando Uniones Estrat\u00e9gicas de manera coordinada para alcanzar un objetivo particular.<\/p><p>Nuestro personal trabaja de manera coordinada para cumplir los objetivos trazados, implementando una cultura organizacional planificada que nos permite definir el ambiente de trabajo, creando un sistema de normas y comportamientos propios que nos da identidad a nuestra organizaci\u00f3n.<\/p><p>Implementamos una estrategia empresarial que se refleja en el conjunto integrado de planes y acciones programadas para obtener ventajas sobre nuestros competidores y as\u00ed poder cumplir con las necesidades de nuestros clientes.<\/p>\t\t\t\t\t\t<\/div>\n\t\t\t\t<\/div>\n\t\t\t\t<div class=\"elementor-element elementor-element-77d1948 elementor-widget elementor-widget-image\" data-id=\"77d1948\" data-element_type=\"widget\" data-widget_type=\"image.default\">\n\t\t\t\t<div class=\"elementor-widget-container\">\n\t\t\t\t\t\t\t\t\t\t\t\t\t\t\t<img loading=\"lazy\" decoding=\"async\" width=\"768\" height=\"476\" src=\"https:\/\/etgcorporate.com\/wp-content\/uploads\/2022\/08\/do-768x476.jpg\" class=\"attachment-medium_large size-medium_large\" alt=\"\" srcset=\"https:\/\/etgcorporate.com\/wp-content\/uploads\/2022\/08\/do-768x476.jpg 768w, https:\/\/etgcorporate.com\/wp-content\/uploads\/2022\/08\/do-300x186.jpg 300w, https:\/\/etgcorporate.com\/wp-content\/uploads\/2022\/08\/do-1024x635.jpg 1024w, https:\/\/etgcorporate.com\/wp-content\/uploads\/2022\/08\/do.jpg 1430w\" sizes=\"(max-width: 768px) 100vw, 768px\" \/>\t\t\t\t\t\t\t\t\t\t\t\t\t\t\t<\/div>\n\t\t\t\t<\/div>\n\t\t\t\t\t<\/div>\n\t\t<\/div>\n\t\t\t\t\t\t\t<\/div>\n\t\t<\/section>\n\t\t\t\t\t\t\t<\/div>\n\t\t","protected":false},"excerpt":{"rendered":"<p>ETG Corporate le ofrece una variedad de servicios y productos manteniendo un compromiso de calidad, flexibilidad y orientaci\u00f3n al cliente. Gracias a nuestros\u00a0 sistemas de evaluaci\u00f3n y presupuestos a medida, somos capaces de valorar eficientemente las necesidades de nuestros clientes aportando soluciones econ\u00f3micamente rentables, inmediatas las 24 horas los 365 d\u00edas del a\u00f1o. Contamos\u00a0 con &hellip;<\/p>\n<p class=\"read-more\"> <a class=\"\" href=\"https:\/\/etgcorporate.com\/\"> <span class=\"screen-reader-text\">Home<\/span> Read More &raquo;<\/a><\/p>\n","protected":false},"author":1,"featured_media":0,"parent":0,"menu_order":0,"comment_status":"closed","ping_status":"closed","template":"","meta":{"om_disable_all_campaigns":false,"_monsterinsights_skip_tracking":false,"_monsterinsights_sitenote_active":false,"_monsterinsights_sitenote_note":"","_monsterinsights_sitenote_category":0,"site-sidebar-layout":"no-sidebar","site-content-layout":"plain-container","ast-global-header-display":"","ast-main-header-display":"","ast-hfb-above-header-display":"","ast-hfb-below-header-display":"","ast-hfb-mobile-header-display":"","site-post-title":"disabled","ast-breadcrumbs-content":"","ast-featured-img":"disabled","footer-sml-layout":"","theme-transparent-header-meta":"default","adv-header-id-meta":"","stick-header-meta":"","header-above-stick-meta":"","header-main-stick-meta":"","header-below-stick-meta":"","footnotes":""},"aioseo_notices":[],"_links":{"self":[{"href":"https:\/\/etgcorporate.com\/index.php\/wp-json\/wp\/v2\/pages\/980"}],"collection":[{"href":"https:\/\/etgcorporate.com\/index.php\/wp-json\/wp\/v2\/pages"}],"about":[{"href":"https:\/\/etgcorporate.com\/index.php\/wp-json\/wp\/v2\/types\/page"}],"author":[{"embeddable":true,"href":"https:\/\/etgcorporate.com\/index.php\/wp-json\/wp\/v2\/users\/1"}],"replies":[{"embeddable":true,"href":"https:\/\/etgcorporate.com\/index.php\/wp-json\/wp\/v2\/comments?post=980"}],"version-history":[{"count":16,"href":"https:\/\/etgcorporate.com\/index.php\/wp-json\/wp\/v2\/pages\/980\/revisions"}],"predecessor-version":[{"id":1348,"href":"https:\/\/etgcorporate.com\/index.php\/wp-json\/wp\/v2\/pages\/980\/revisions\/1348"}],"wp:attachment":[{"href":"https:\/\/etgcorporate.com\/index.php\/wp-json\/wp\/v2\/media?parent=980"}],"curies":[{"name":"wp","href":"https:\/\/api.w.org\/{rel}","templated":true}]}}