{"id":80,"date":"2020-07-25T09:33:49","date_gmt":"2020-07-25T09:33:49","guid":{"rendered":"http:\/\/etgasociacion.org\/?page_id=80"},"modified":"2022-08-18T00:39:59","modified_gmt":"2022-08-18T00:39:59","slug":"dogrow","status":"publish","type":"page","link":"https:\/\/etgcorporate.com\/index.php\/dogrow\/","title":{"rendered":"Do&amp;Grow"},"content":{"rendered":"\t\t<div data-elementor-type=\"wp-page\" data-elementor-id=\"80\" class=\"elementor elementor-80\">\n\t\t\t\t\t\t\t\t\t<section class=\"elementor-section elementor-top-section elementor-element elementor-element-5e09c08 elementor-section-boxed elementor-section-height-default elementor-section-height-default\" data-id=\"5e09c08\" data-element_type=\"section\">\n\t\t\t\t\t\t<div class=\"elementor-container elementor-column-gap-default\">\n\t\t\t\t\t<div class=\"elementor-column elementor-col-100 elementor-top-column elementor-element elementor-element-657e496\" data-id=\"657e496\" data-element_type=\"column\">\n\t\t\t<div class=\"elementor-widget-wrap elementor-element-populated\">\n\t\t\t\t\t\t\t\t<div class=\"elementor-element elementor-element-a2d65bf elementor-widget elementor-widget-image\" data-id=\"a2d65bf\" data-element_type=\"widget\" data-widget_type=\"image.default\">\n\t\t\t\t<div class=\"elementor-widget-container\">\n\t\t\t<style>\/*! elementor - v3.7.1 - 14-08-2022 *\/\n.elementor-widget-image{text-align:center}.elementor-widget-image a{display:inline-block}.elementor-widget-image a img[src$=\".svg\"]{width:48px}.elementor-widget-image img{vertical-align:middle;display:inline-block}<\/style>\t\t\t\t\t\t\t\t\t\t\t\t<img loading=\"lazy\" decoding=\"async\" width=\"300\" height=\"300\" src=\"https:\/\/etgcorporate.com\/wp-content\/uploads\/2022\/08\/Do-Grow1-300x300-1.jpg\" class=\"attachment-large size-large\" alt=\"\" srcset=\"https:\/\/etgcorporate.com\/wp-content\/uploads\/2022\/08\/Do-Grow1-300x300-1.jpg 300w, https:\/\/etgcorporate.com\/wp-content\/uploads\/2022\/08\/Do-Grow1-300x300-1-150x150.jpg 150w\" sizes=\"(max-width: 300px) 100vw, 300px\" \/>\t\t\t\t\t\t\t\t\t\t\t\t\t\t\t<\/div>\n\t\t\t\t<\/div>\n\t\t\t\t\t<\/div>\n\t\t<\/div>\n\t\t\t\t\t\t\t<\/div>\n\t\t<\/section>\n\t\t\t\t<section class=\"elementor-section elementor-top-section elementor-element elementor-element-67210428 elementor-section-boxed elementor-section-height-default elementor-section-height-default\" data-id=\"67210428\" data-element_type=\"section\">\n\t\t\t\t\t\t<div class=\"elementor-container elementor-column-gap-default\">\n\t\t\t\t\t<div class=\"elementor-column elementor-col-100 elementor-top-column elementor-element elementor-element-23ef9272\" data-id=\"23ef9272\" data-element_type=\"column\">\n\t\t\t<div class=\"elementor-widget-wrap elementor-element-populated\">\n\t\t\t\t\t\t\t\t<div class=\"elementor-element elementor-element-894da9d elementor-align-center elementor-widget elementor-widget-button\" data-id=\"894da9d\" data-element_type=\"widget\" data-widget_type=\"button.default\">\n\t\t\t\t<div class=\"elementor-widget-container\">\n\t\t\t\t\t<div class=\"elementor-button-wrapper\">\n\t\t\t<a href=\"https:\/\/www.facebook.com\/Do-Grow-112731410552248\" class=\"elementor-button-link elementor-button elementor-size-sm\" role=\"button\">\n\t\t\t\t\t\t<span class=\"elementor-button-content-wrapper\">\n\t\t\t\t\t\t<span class=\"elementor-button-text\">Saber m\u00e1s<\/span>\n\t\t<\/span>\n\t\t\t\t\t<\/a>\n\t\t<\/div>\n\t\t\t\t<\/div>\n\t\t\t\t<\/div>\n\t\t\t\t<div class=\"elementor-element elementor-element-2420df2e elementor-widget elementor-widget-text-editor\" data-id=\"2420df2e\" data-element_type=\"widget\" data-widget_type=\"text-editor.default\">\n\t\t\t\t<div class=\"elementor-widget-container\">\n\t\t\t<style>\/*! elementor - v3.7.1 - 14-08-2022 *\/\n.elementor-widget-text-editor.elementor-drop-cap-view-stacked .elementor-drop-cap{background-color:#818a91;color:#fff}.elementor-widget-text-editor.elementor-drop-cap-view-framed .elementor-drop-cap{color:#818a91;border:3px solid;background-color:transparent}.elementor-widget-text-editor:not(.elementor-drop-cap-view-default) .elementor-drop-cap{margin-top:8px}.elementor-widget-text-editor:not(.elementor-drop-cap-view-default) .elementor-drop-cap-letter{width:1em;height:1em}.elementor-widget-text-editor .elementor-drop-cap{float:left;text-align:center;line-height:1;font-size:50px}.elementor-widget-text-editor .elementor-drop-cap-letter{display:inline-block}<\/style>\t\t\t\t<p>Metodolog\u00eda Do&amp;Grow<\/p><p><div class=\"ast-oembed-container\" style=\"height: 100%;\"><iframe loading=\"lazy\" title=\"presentacion do&amp;grow 2\" width=\"500\" height=\"281\" src=\"https:\/\/www.youtube.com\/embed\/0jirc1Q3zZc?feature=oembed\" frameborder=\"0\" allow=\"accelerometer; autoplay; clipboard-write; encrypted-media; gyroscope; picture-in-picture; web-share\" referrerpolicy=\"strict-origin-when-cross-origin\" allowfullscreen><\/iframe><\/div><\/p><h5>\u00a0<\/h5><p>ETG ha desarrollado una Metodolog\u00eda para el buen desempe\u00f1o\u00a0 de las Empresas,\u00a0 que est\u00e1 fundamentada en el fortalecimiento de los cuatro pilares para el desarrollo: la cultura, las finanzas, la comercializaci\u00f3n estrat\u00e9gica y el uso de tecnolog\u00edas.<\/p><p>Nuestra metodolog\u00eda convierte a una empresa improductiva y estancada, en negocios realmente productivos y rentables, generadores de riqueza y empleos formales. Desde el inicio de nuestra intervenci\u00f3n, desarrollamos un proceso de selecci\u00f3n de empresas que tienen potencial de reactivarse y crecer econ\u00f3micamente. La clave es identificar la cultura del empresario y generar el compromiso de trabajo desde nuestra metodolog\u00eda.<\/p><p>Do &amp; Grow\u201d, es una metodolog\u00eda\u00a0 constructivista, que\u00a0 haciendo uso de herramientas tecnol\u00f3gicas y en tiempo real, el asesor o \u201cAgente de Cambio\u201d, acompa\u00f1a al empresario MIPYME para lograr incrementar las ventas y las ganancias.<\/p><p>Se hace uso de la Inteligencia de Negocios para la toma de decisiones estrat\u00e9gicas en las micro y peque\u00f1as empresas que participen en el proceso de reactivaci\u00f3n econ\u00f3mica a trav\u00e9s de la metodolog\u00eda Do&amp;Grow.<\/p><p>Cada semana, quincena o mes, el agente de cambio generar\u00e1 un plan de trabajo que la empresa debe cumplir, basado en los resultados obtenidos y comparados con las metas que se han construido.<\/p><p>\u00a0<\/p><p><div class=\"ast-oembed-container\" style=\"height: 100%;\"><iframe loading=\"lazy\" title=\"presentacion do&amp;grow 4\" width=\"500\" height=\"281\" src=\"https:\/\/www.youtube.com\/embed\/6Sy4QDOS5wY?feature=oembed\" frameborder=\"0\" allow=\"accelerometer; autoplay; clipboard-write; encrypted-media; gyroscope; picture-in-picture; web-share\" referrerpolicy=\"strict-origin-when-cross-origin\" allowfullscreen><\/iframe><\/div><\/p><p>\u00a0<\/p><p>ETAPAS DE LA METODOLOG\u00cdA<\/p><p><img loading=\"lazy\" decoding=\"async\" class=\"aligncenter\" src=\"http:\/\/etgasociacion.org\/wp-content\/uploads\/2020\/07\/unknown.png\" sizes=\"(max-width: 645px) 100vw, 645px\" srcset=\"http:\/\/etgasociacion.org\/wp-content\/uploads\/2020\/07\/unknown.png 645w, http:\/\/etgasociacion.org\/wp-content\/uploads\/2020\/07\/unknown-300x140.png 300w\" alt=\"\" width=\"645\" height=\"301\" \/><\/p><p>\u00a0<\/p><p>Metodolog\u00eda Do&amp;Grow<\/p><p><strong>Como resultado general de la ventas, tenemos este control de mando gerencial, donde podemos tomar las decisiones pertinentes para que la empresa sea lo mas rentable posible.<\/strong><\/p><p><img loading=\"lazy\" decoding=\"async\" src=\"http:\/\/etgasociacion.org\/wp-content\/uploads\/2021\/06\/Sin-titulo-1024x576.png\" sizes=\"(max-width: 1024px) 100vw, 1024px\" srcset=\"http:\/\/etgasociacion.org\/wp-content\/uploads\/2021\/06\/Sin-titulo-1024x576.png 1024w, http:\/\/etgasociacion.org\/wp-content\/uploads\/2021\/06\/Sin-titulo-300x169.png 300w, http:\/\/etgasociacion.org\/wp-content\/uploads\/2021\/06\/Sin-titulo-768x432.png 768w, http:\/\/etgasociacion.org\/wp-content\/uploads\/2021\/06\/Sin-titulo-1536x864.png 1536w, http:\/\/etgasociacion.org\/wp-content\/uploads\/2021\/06\/Sin-titulo-2048x1152.png 2048w\" alt=\"\" width=\"1024\" height=\"576\" \/><\/p>\t\t\t\t\t\t<\/div>\n\t\t\t\t<\/div>\n\t\t\t\t\t<\/div>\n\t\t<\/div>\n\t\t\t\t\t\t\t<\/div>\n\t\t<\/section>\n\t\t\t\t\t\t\t<\/div>\n\t\t","protected":false},"excerpt":{"rendered":"<p>Saber m\u00e1s Metodolog\u00eda Do&amp;Grow \u00a0 ETG ha desarrollado una Metodolog\u00eda para el buen desempe\u00f1o\u00a0 de las Empresas,\u00a0 que est\u00e1 fundamentada en el fortalecimiento de los cuatro pilares para el desarrollo: la cultura, las finanzas, la comercializaci\u00f3n estrat\u00e9gica y el uso de tecnolog\u00edas. Nuestra metodolog\u00eda convierte a una empresa improductiva y estancada, en negocios realmente productivos &hellip;<\/p>\n<p class=\"read-more\"> <a class=\"\" href=\"https:\/\/etgcorporate.com\/index.php\/dogrow\/\"> <span class=\"screen-reader-text\">Do&amp;Grow<\/span> Read More &raquo;<\/a><\/p>\n","protected":false},"author":1,"featured_media":0,"parent":0,"menu_order":0,"comment_status":"closed","ping_status":"closed","template":"","meta":{"om_disable_all_campaigns":false,"_monsterinsights_skip_tracking":false,"_monsterinsights_sitenote_active":false,"_monsterinsights_sitenote_note":"","_monsterinsights_sitenote_category":0,"site-sidebar-layout":"no-sidebar","site-content-layout":"page-builder","ast-global-header-display":"","ast-main-header-display":"","ast-hfb-above-header-display":"","ast-hfb-below-header-display":"","ast-hfb-mobile-header-display":"","site-post-title":"disabled","ast-breadcrumbs-content":"","ast-featured-img":"disabled","footer-sml-layout":"","theme-transparent-header-meta":"default","adv-header-id-meta":"","stick-header-meta":"","header-above-stick-meta":"","header-main-stick-meta":"","header-below-stick-meta":"","footnotes":""},"aioseo_notices":[],"_links":{"self":[{"href":"https:\/\/etgcorporate.com\/index.php\/wp-json\/wp\/v2\/pages\/80"}],"collection":[{"href":"https:\/\/etgcorporate.com\/index.php\/wp-json\/wp\/v2\/pages"}],"about":[{"href":"https:\/\/etgcorporate.com\/index.php\/wp-json\/wp\/v2\/types\/page"}],"author":[{"embeddable":true,"href":"https:\/\/etgcorporate.com\/index.php\/wp-json\/wp\/v2\/users\/1"}],"replies":[{"embeddable":true,"href":"https:\/\/etgcorporate.com\/index.php\/wp-json\/wp\/v2\/comments?post=80"}],"version-history":[{"count":13,"href":"https:\/\/etgcorporate.com\/index.php\/wp-json\/wp\/v2\/pages\/80\/revisions"}],"predecessor-version":[{"id":1388,"href":"https:\/\/etgcorporate.com\/index.php\/wp-json\/wp\/v2\/pages\/80\/revisions\/1388"}],"wp:attachment":[{"href":"https:\/\/etgcorporate.com\/index.php\/wp-json\/wp\/v2\/media?parent=80"}],"curies":[{"name":"wp","href":"https:\/\/api.w.org\/{rel}","templated":true}]}}