{"id":784,"date":"2022-04-30T15:42:59","date_gmt":"2022-04-30T15:42:59","guid":{"rendered":"http:\/\/etgasociacion.org\/?page_id=784"},"modified":"2024-10-11T01:44:01","modified_gmt":"2024-10-11T01:44:01","slug":"elementor-784","status":"publish","type":"page","link":"https:\/\/etgcorporate.com\/index.php\/elementor-784\/","title":{"rendered":"\u00d3ptica"},"content":{"rendered":"\t\t<div data-elementor-type=\"wp-page\" data-elementor-id=\"784\" class=\"elementor elementor-784\">\n\t\t\t\t\t\t\t\t\t<section class=\"elementor-section elementor-top-section elementor-element elementor-element-6035ade elementor-section-boxed elementor-section-height-default elementor-section-height-default\" data-id=\"6035ade\" data-element_type=\"section\">\n\t\t\t\t\t\t<div class=\"elementor-container elementor-column-gap-default\">\n\t\t\t\t\t<div class=\"elementor-column elementor-col-100 elementor-top-column elementor-element elementor-element-194d0b3\" data-id=\"194d0b3\" data-element_type=\"column\">\n\t\t\t<div class=\"elementor-widget-wrap elementor-element-populated\">\n\t\t\t\t\t\t\t\t<div class=\"elementor-element elementor-element-e3b8cb4 elementor-widget elementor-widget-image\" data-id=\"e3b8cb4\" data-element_type=\"widget\" data-widget_type=\"image.default\">\n\t\t\t\t<div class=\"elementor-widget-container\">\n\t\t\t<style>\/*! elementor - v3.7.1 - 14-08-2022 *\/\n.elementor-widget-image{text-align:center}.elementor-widget-image a{display:inline-block}.elementor-widget-image a img[src$=\".svg\"]{width:48px}.elementor-widget-image img{vertical-align:middle;display:inline-block}<\/style>\t\t\t\t\t\t\t\t\t\t\t\t<img loading=\"lazy\" decoding=\"async\" width=\"768\" height=\"333\" src=\"https:\/\/etgcorporate.com\/wp-content\/uploads\/2024\/10\/Optica-logo-1-768x333.jpg\" class=\"attachment-medium_large size-medium_large\" alt=\"\" srcset=\"https:\/\/etgcorporate.com\/wp-content\/uploads\/2024\/10\/Optica-logo-1-768x333.jpg 768w, https:\/\/etgcorporate.com\/wp-content\/uploads\/2024\/10\/Optica-logo-1-300x130.jpg 300w, https:\/\/etgcorporate.com\/wp-content\/uploads\/2024\/10\/Optica-logo-1-1024x444.jpg 1024w, https:\/\/etgcorporate.com\/wp-content\/uploads\/2024\/10\/Optica-logo-1.jpg 1280w\" sizes=\"(max-width: 768px) 100vw, 768px\" \/>\t\t\t\t\t\t\t\t\t\t\t\t\t\t\t<\/div>\n\t\t\t\t<\/div>\n\t\t\t\t\t<\/div>\n\t\t<\/div>\n\t\t\t\t\t\t\t<\/div>\n\t\t<\/section>\n\t\t\t\t<section class=\"elementor-section elementor-top-section elementor-element elementor-element-b063094 elementor-section-boxed elementor-section-height-default elementor-section-height-default\" data-id=\"b063094\" data-element_type=\"section\">\n\t\t\t\t\t\t<div class=\"elementor-container elementor-column-gap-default\">\n\t\t\t\t\t<div class=\"elementor-column elementor-col-100 elementor-top-column elementor-element elementor-element-3cfccc9\" data-id=\"3cfccc9\" data-element_type=\"column\">\n\t\t\t<div class=\"elementor-widget-wrap elementor-element-populated\">\n\t\t\t\t\t\t\t\t<div class=\"elementor-element elementor-element-293f62d elementor-widget elementor-widget-image\" data-id=\"293f62d\" data-element_type=\"widget\" data-widget_type=\"image.default\">\n\t\t\t\t<div class=\"elementor-widget-container\">\n\t\t\t\t\t\t\t\t\t\t\t\t\t\t\t<img loading=\"lazy\" decoding=\"async\" width=\"768\" height=\"316\" src=\"https:\/\/etgcorporate.com\/wp-content\/uploads\/2022\/08\/Imagen1-768x316.jpg\" class=\"attachment-medium_large size-medium_large\" alt=\"\" srcset=\"https:\/\/etgcorporate.com\/wp-content\/uploads\/2022\/08\/Imagen1-768x316.jpg 768w, https:\/\/etgcorporate.com\/wp-content\/uploads\/2022\/08\/Imagen1-300x123.jpg 300w, https:\/\/etgcorporate.com\/wp-content\/uploads\/2022\/08\/Imagen1-1024x421.jpg 1024w, https:\/\/etgcorporate.com\/wp-content\/uploads\/2022\/08\/Imagen1.jpg 1441w\" sizes=\"(max-width: 768px) 100vw, 768px\" \/>\t\t\t\t\t\t\t\t\t\t\t\t\t\t\t<\/div>\n\t\t\t\t<\/div>\n\t\t\t\t<div class=\"elementor-element elementor-element-0db95b0 elementor-widget elementor-widget-heading\" data-id=\"0db95b0\" data-element_type=\"widget\" data-widget_type=\"heading.default\">\n\t\t\t\t<div class=\"elementor-widget-container\">\n\t\t\t<style>\/*! elementor - v3.7.1 - 14-08-2022 *\/\n.elementor-heading-title{padding:0;margin:0;line-height:1}.elementor-widget-heading .elementor-heading-title[class*=elementor-size-]>a{color:inherit;font-size:inherit;line-height:inherit}.elementor-widget-heading .elementor-heading-title.elementor-size-small{font-size:15px}.elementor-widget-heading .elementor-heading-title.elementor-size-medium{font-size:19px}.elementor-widget-heading .elementor-heading-title.elementor-size-large{font-size:29px}.elementor-widget-heading .elementor-heading-title.elementor-size-xl{font-size:39px}.elementor-widget-heading .elementor-heading-title.elementor-size-xxl{font-size:59px}<\/style><h2 class=\"elementor-heading-title elementor-size-default\">Atr\u00e9vete a ser diferente<\/h2>\t\t<\/div>\n\t\t\t\t<\/div>\n\t\t\t\t<div class=\"elementor-element elementor-element-6b39685 elementor-widget elementor-widget-text-editor\" data-id=\"6b39685\" data-element_type=\"widget\" data-widget_type=\"text-editor.default\">\n\t\t\t\t<div class=\"elementor-widget-container\">\n\t\t\t<style>\/*! elementor - v3.7.1 - 14-08-2022 *\/\n.elementor-widget-text-editor.elementor-drop-cap-view-stacked .elementor-drop-cap{background-color:#818a91;color:#fff}.elementor-widget-text-editor.elementor-drop-cap-view-framed .elementor-drop-cap{color:#818a91;border:3px solid;background-color:transparent}.elementor-widget-text-editor:not(.elementor-drop-cap-view-default) .elementor-drop-cap{margin-top:8px}.elementor-widget-text-editor:not(.elementor-drop-cap-view-default) .elementor-drop-cap-letter{width:1em;height:1em}.elementor-widget-text-editor .elementor-drop-cap{float:left;text-align:center;line-height:1;font-size:50px}.elementor-widget-text-editor .elementor-drop-cap-letter{display:inline-block}<\/style>\t\t\t\t<p><strong>S\u00e9 el creador de cambios<\/strong><\/p><p><strong>Nuestro impacto<\/strong><\/p><p>Los anteojos son una poderosa herramienta de desarrollo social y econ\u00f3mico. Brindamos anteojos accesibles, ex\u00e1menes de la vista y capacitaci\u00f3n para que las organizaciones sin fines de lucro, los emprendedores sociales, las agencias gubernamentales y los clientes corporativos puedan llevar la oportunidad de una visi\u00f3n clara a sus comunidades.<\/p><p><strong>Entregue la oportunidad de tener una visi\u00f3n clara<\/strong><\/p><p>Vida y Salud est\u00e1 haciendo lo posible para una visi\u00f3n clara para todos.<\/p><p>Despertamos un mundo de salud visual, aprendizaje y belleza a trav\u00e9s de anteojos.<\/p>\t\t\t\t\t\t<\/div>\n\t\t\t\t<\/div>\n\t\t\t\t<div class=\"elementor-element elementor-element-19dfe43 elementor-widget elementor-widget-image\" data-id=\"19dfe43\" data-element_type=\"widget\" data-widget_type=\"image.default\">\n\t\t\t\t<div class=\"elementor-widget-container\">\n\t\t\t\t\t\t\t\t\t\t\t\t\t\t\t<img decoding=\"async\" src=\"http:\/\/etgasociacion.org\/wp-content\/uploads\/2022\/06\/Imagen2.jpg\" title=\"\" alt=\"\" \/>\t\t\t\t\t\t\t\t\t\t\t\t\t\t\t<\/div>\n\t\t\t\t<\/div>\n\t\t\t\t\t<\/div>\n\t\t<\/div>\n\t\t\t\t\t\t\t<\/div>\n\t\t<\/section>\n\t\t\t\t<section class=\"elementor-section elementor-top-section elementor-element elementor-element-2059a63 elementor-section-boxed elementor-section-height-default elementor-section-height-default\" data-id=\"2059a63\" data-element_type=\"section\">\n\t\t\t\t\t\t<div class=\"elementor-container elementor-column-gap-default\">\n\t\t\t\t\t<div class=\"elementor-column elementor-col-100 elementor-top-column elementor-element elementor-element-6a06190\" data-id=\"6a06190\" data-element_type=\"column\">\n\t\t\t<div class=\"elementor-widget-wrap elementor-element-populated\">\n\t\t\t\t\t\t\t\t<div class=\"elementor-element elementor-element-2f44c4c elementor-aspect-ratio-169 elementor-widget elementor-widget-video\" data-id=\"2f44c4c\" data-element_type=\"widget\" data-settings=\"{&quot;youtube_url&quot;:&quot;https:\\\/\\\/www.youtube.com\\\/watch?v=4gUgWwYVf48&quot;,&quot;video_type&quot;:&quot;youtube&quot;,&quot;controls&quot;:&quot;yes&quot;,&quot;aspect_ratio&quot;:&quot;169&quot;}\" data-widget_type=\"video.default\">\n\t\t\t\t<div class=\"elementor-widget-container\">\n\t\t\t<style>\/*! elementor - v3.7.1 - 14-08-2022 *\/\n.elementor-widget-video .elementor-widget-container{overflow:hidden;-webkit-transform:translateZ(0);transform:translateZ(0)}.elementor-widget-video .elementor-open-inline .elementor-custom-embed-image-overlay{position:absolute;top:0;left:0;width:100%;height:100%;background-size:cover;background-position:50%}.elementor-widget-video .elementor-custom-embed-image-overlay{cursor:pointer;text-align:center}.elementor-widget-video .elementor-custom-embed-image-overlay:hover .elementor-custom-embed-play i{opacity:1}.elementor-widget-video .elementor-custom-embed-image-overlay img{display:block;width:100%}.elementor-widget-video .e-hosted-video .elementor-video{-o-object-fit:cover;object-fit:cover}.e-container>.elementor-widget-video{width:var(--container-widget-width,100%)}<\/style>\t\t<div class=\"elementor-wrapper elementor-fit-aspect-ratio elementor-open-inline\">\n\t\t\t<div class=\"elementor-video\"><\/div>\t\t<\/div>\n\t\t\t\t<\/div>\n\t\t\t\t<\/div>\n\t\t\t\t<div class=\"elementor-element elementor-element-3b943c1 elementor-align-center elementor-widget elementor-widget-button\" data-id=\"3b943c1\" data-element_type=\"widget\" data-widget_type=\"button.default\">\n\t\t\t\t<div class=\"elementor-widget-container\">\n\t\t\t\t\t<div class=\"elementor-button-wrapper\">\n\t\t\t<a href=\"https:\/\/www.facebook.com\/share\/kJWRqXFqqnauD5Wf\/?mibextid=JRoKGi\" class=\"elementor-button-link elementor-button elementor-size-sm\" role=\"button\">\n\t\t\t\t\t\t<span class=\"elementor-button-content-wrapper\">\n\t\t\t\t\t\t<span class=\"elementor-button-text\">Nuestro Facebook<\/span>\n\t\t<\/span>\n\t\t\t\t\t<\/a>\n\t\t<\/div>\n\t\t\t\t<\/div>\n\t\t\t\t<\/div>\n\t\t\t\t\t<\/div>\n\t\t<\/div>\n\t\t\t\t\t\t\t<\/div>\n\t\t<\/section>\n\t\t\t\t\t\t\t<\/div>\n\t\t","protected":false},"excerpt":{"rendered":"<p>Atr\u00e9vete a ser diferente S\u00e9 el creador de cambios Nuestro impacto Los anteojos son una poderosa herramienta de desarrollo social y econ\u00f3mico. Brindamos anteojos accesibles, ex\u00e1menes de la vista y capacitaci\u00f3n para que las organizaciones sin fines de lucro, los emprendedores sociales, las agencias gubernamentales y los clientes corporativos puedan llevar la oportunidad de una &hellip;<\/p>\n<p class=\"read-more\"> <a class=\"\" href=\"https:\/\/etgcorporate.com\/index.php\/elementor-784\/\"> <span class=\"screen-reader-text\">\u00d3ptica<\/span> Read More &raquo;<\/a><\/p>\n","protected":false},"author":1,"featured_media":0,"parent":0,"menu_order":0,"comment_status":"closed","ping_status":"closed","template":"","meta":{"om_disable_all_campaigns":false,"_monsterinsights_skip_tracking":false,"_monsterinsights_sitenote_active":false,"_monsterinsights_sitenote_note":"","_monsterinsights_sitenote_category":0,"site-sidebar-layout":"no-sidebar","site-content-layout":"page-builder","ast-global-header-display":"","ast-main-header-display":"","ast-hfb-above-header-display":"","ast-hfb-below-header-display":"","ast-hfb-mobile-header-display":"","site-post-title":"disabled","ast-breadcrumbs-content":"","ast-featured-img":"disabled","footer-sml-layout":"","theme-transparent-header-meta":"default","adv-header-id-meta":"","stick-header-meta":"","header-above-stick-meta":"","header-main-stick-meta":"","header-below-stick-meta":"","footnotes":""},"aioseo_notices":[],"_links":{"self":[{"href":"https:\/\/etgcorporate.com\/index.php\/wp-json\/wp\/v2\/pages\/784"}],"collection":[{"href":"https:\/\/etgcorporate.com\/index.php\/wp-json\/wp\/v2\/pages"}],"about":[{"href":"https:\/\/etgcorporate.com\/index.php\/wp-json\/wp\/v2\/types\/page"}],"author":[{"embeddable":true,"href":"https:\/\/etgcorporate.com\/index.php\/wp-json\/wp\/v2\/users\/1"}],"replies":[{"embeddable":true,"href":"https:\/\/etgcorporate.com\/index.php\/wp-json\/wp\/v2\/comments?post=784"}],"version-history":[{"count":34,"href":"https:\/\/etgcorporate.com\/index.php\/wp-json\/wp\/v2\/pages\/784\/revisions"}],"predecessor-version":[{"id":1861,"href":"https:\/\/etgcorporate.com\/index.php\/wp-json\/wp\/v2\/pages\/784\/revisions\/1861"}],"wp:attachment":[{"href":"https:\/\/etgcorporate.com\/index.php\/wp-json\/wp\/v2\/media?parent=784"}],"curies":[{"name":"wp","href":"https:\/\/api.w.org\/{rel}","templated":true}]}}