{"id":1615,"date":"2024-02-11T04:25:24","date_gmt":"2024-02-11T04:25:24","guid":{"rendered":"https:\/\/etgcorporate.com\/?page_id=1615"},"modified":"2024-10-11T01:46:40","modified_gmt":"2024-10-11T01:46:40","slug":"salud","status":"publish","type":"page","link":"https:\/\/etgcorporate.com\/index.php\/salud\/","title":{"rendered":"Salud"},"content":{"rendered":"\t\t<div data-elementor-type=\"wp-page\" data-elementor-id=\"1615\" class=\"elementor elementor-1615\">\n\t\t\t\t\t\t\t\t\t<section class=\"elementor-section elementor-top-section elementor-element elementor-element-4a7602a elementor-section-boxed elementor-section-height-default elementor-section-height-default\" data-id=\"4a7602a\" data-element_type=\"section\">\n\t\t\t\t\t\t<div class=\"elementor-container elementor-column-gap-default\">\n\t\t\t\t\t<div class=\"elementor-column elementor-col-100 elementor-top-column elementor-element elementor-element-c199d48\" data-id=\"c199d48\" data-element_type=\"column\">\n\t\t\t<div class=\"elementor-widget-wrap elementor-element-populated\">\n\t\t\t\t\t\t\t\t<div class=\"elementor-element elementor-element-f2c1630 elementor-widget elementor-widget-image\" data-id=\"f2c1630\" data-element_type=\"widget\" data-widget_type=\"image.default\">\n\t\t\t\t<div class=\"elementor-widget-container\">\n\t\t\t<style>\/*! elementor - v3.7.1 - 14-08-2022 *\/\n.elementor-widget-image{text-align:center}.elementor-widget-image a{display:inline-block}.elementor-widget-image a img[src$=\".svg\"]{width:48px}.elementor-widget-image img{vertical-align:middle;display:inline-block}<\/style>\t\t\t\t\t\t\t\t\t\t\t\t<img loading=\"lazy\" decoding=\"async\" width=\"768\" height=\"384\" src=\"https:\/\/etgcorporate.com\/wp-content\/uploads\/2024\/10\/V-S-logo-768x384.jpg\" class=\"attachment-medium_large size-medium_large\" alt=\"\" srcset=\"https:\/\/etgcorporate.com\/wp-content\/uploads\/2024\/10\/V-S-logo-768x384.jpg 768w, https:\/\/etgcorporate.com\/wp-content\/uploads\/2024\/10\/V-S-logo-300x150.jpg 300w, https:\/\/etgcorporate.com\/wp-content\/uploads\/2024\/10\/V-S-logo-1024x512.jpg 1024w, https:\/\/etgcorporate.com\/wp-content\/uploads\/2024\/10\/V-S-logo.jpg 1280w\" sizes=\"(max-width: 768px) 100vw, 768px\" \/>\t\t\t\t\t\t\t\t\t\t\t\t\t\t\t<\/div>\n\t\t\t\t<\/div>\n\t\t\t\t<div class=\"elementor-element elementor-element-8fdc4da elementor-widget elementor-widget-heading\" data-id=\"8fdc4da\" data-element_type=\"widget\" data-widget_type=\"heading.default\">\n\t\t\t\t<div class=\"elementor-widget-container\">\n\t\t\t<style>\/*! elementor - v3.7.1 - 14-08-2022 *\/\n.elementor-heading-title{padding:0;margin:0;line-height:1}.elementor-widget-heading .elementor-heading-title[class*=elementor-size-]>a{color:inherit;font-size:inherit;line-height:inherit}.elementor-widget-heading .elementor-heading-title.elementor-size-small{font-size:15px}.elementor-widget-heading .elementor-heading-title.elementor-size-medium{font-size:19px}.elementor-widget-heading .elementor-heading-title.elementor-size-large{font-size:29px}.elementor-widget-heading .elementor-heading-title.elementor-size-xl{font-size:39px}.elementor-widget-heading .elementor-heading-title.elementor-size-xxl{font-size:59px}<\/style><h2 class=\"elementor-heading-title elementor-size-default\">El camino hacia una mejor salud<\/h2>\t\t<\/div>\n\t\t\t\t<\/div>\n\t\t\t\t<div class=\"elementor-element elementor-element-8711f10 elementor-widget elementor-widget-heading\" data-id=\"8711f10\" data-element_type=\"widget\" data-widget_type=\"heading.default\">\n\t\t\t\t<div class=\"elementor-widget-container\">\n\t\t\t<h4 class=\"elementor-heading-title elementor-size-default\">\u00bfC\u00f3mo elijo qu\u00e9 medicamento debo tomar?<\/h4>\t\t<\/div>\n\t\t\t\t<\/div>\n\t\t\t\t<div class=\"elementor-element elementor-element-207194b elementor-widget elementor-widget-text-editor\" data-id=\"207194b\" data-element_type=\"widget\" data-widget_type=\"text-editor.default\">\n\t\t\t\t<div class=\"elementor-widget-container\">\n\t\t\t<style>\/*! elementor - v3.7.1 - 14-08-2022 *\/\n.elementor-widget-text-editor.elementor-drop-cap-view-stacked .elementor-drop-cap{background-color:#818a91;color:#fff}.elementor-widget-text-editor.elementor-drop-cap-view-framed .elementor-drop-cap{color:#818a91;border:3px solid;background-color:transparent}.elementor-widget-text-editor:not(.elementor-drop-cap-view-default) .elementor-drop-cap{margin-top:8px}.elementor-widget-text-editor:not(.elementor-drop-cap-view-default) .elementor-drop-cap-letter{width:1em;height:1em}.elementor-widget-text-editor .elementor-drop-cap{float:left;text-align:center;line-height:1;font-size:50px}.elementor-widget-text-editor .elementor-drop-cap-letter{display:inline-block}<\/style>\t\t\t\t<h5>T\u00f3mese el tiempo para analizar todas sus opciones. Lea atentamente la etiqueta de informaci\u00f3n de los medicamentos. Averig\u00fce qu\u00e9 s\u00edntomas trata y compre uno que trate solo los s\u00edntomas que tiene.<\/h5><h5>Los medicamentos vienen tanto de marca como gen\u00e9ricos. Los gen\u00e9ricos generalmente cuestan menos que los de marca. Compare la lista de ingredientes. Si el gen\u00e9rico tiene los mismos ingredientes que el de marca, es posible que desee considerar su uso. La mayor\u00eda de las veces, un gen\u00e9rico funcionar\u00e1 tan bien para usted como el de marca.<\/h5><ul><li><h5>Siempre siga las instrucciones y advertencias impresas. Hable con su proveedor de atenci\u00f3n m\u00e9dica antes de empezar a tomar un nuevo medicamento.<\/h5><\/li><li><h5>Sepa qu\u00e9 est\u00e1 tomando. Revise la lista de ingredientes y seleccione productos con el menor n\u00famero de elementos en lista.<\/h5><\/li><li><h5>Todos los medicamentos se vuelven menos eficaces con el tiempo y deben reemplazarse. Verifique la fecha de vencimiento antes de usar cualquier producto.<\/h5><\/li><li><h5>Guarde los medicamentos\u00a0en un lugar seco y fresco. Mantenga todos los medicamentos fuera del alcance de los ni\u00f1os.<\/h5><\/li><\/ul>\t\t\t\t\t\t<\/div>\n\t\t\t\t<\/div>\n\t\t\t\t<div class=\"elementor-element elementor-element-3afe6f3 elementor-widget elementor-widget-image\" data-id=\"3afe6f3\" data-element_type=\"widget\" data-widget_type=\"image.default\">\n\t\t\t\t<div class=\"elementor-widget-container\">\n\t\t\t\t\t\t\t\t\t\t\t\t\t\t\t<img loading=\"lazy\" decoding=\"async\" width=\"768\" height=\"474\" src=\"https:\/\/etgcorporate.com\/wp-content\/uploads\/2024\/02\/WhatsApp-Image-2024-02-10-at-22.27.37-768x474.jpeg\" class=\"attachment-medium_large size-medium_large\" alt=\"\" srcset=\"https:\/\/etgcorporate.com\/wp-content\/uploads\/2024\/02\/WhatsApp-Image-2024-02-10-at-22.27.37-768x474.jpeg 768w, https:\/\/etgcorporate.com\/wp-content\/uploads\/2024\/02\/WhatsApp-Image-2024-02-10-at-22.27.37-300x185.jpeg 300w, https:\/\/etgcorporate.com\/wp-content\/uploads\/2024\/02\/WhatsApp-Image-2024-02-10-at-22.27.37-1024x632.jpeg 1024w, https:\/\/etgcorporate.com\/wp-content\/uploads\/2024\/02\/WhatsApp-Image-2024-02-10-at-22.27.37.jpeg 1248w\" sizes=\"(max-width: 768px) 100vw, 768px\" \/>\t\t\t\t\t\t\t\t\t\t\t\t\t\t\t<\/div>\n\t\t\t\t<\/div>\n\t\t\t\t\t<\/div>\n\t\t<\/div>\n\t\t\t\t\t\t\t<\/div>\n\t\t<\/section>\n\t\t\t\t\t\t\t<\/div>\n\t\t","protected":false},"excerpt":{"rendered":"<p>El camino hacia una mejor salud \u00bfC\u00f3mo elijo qu\u00e9 medicamento debo tomar? T\u00f3mese el tiempo para analizar todas sus opciones. Lea atentamente la etiqueta de informaci\u00f3n de los medicamentos. Averig\u00fce qu\u00e9 s\u00edntomas trata y compre uno que trate solo los s\u00edntomas que tiene. Los medicamentos vienen tanto de marca como gen\u00e9ricos. Los gen\u00e9ricos generalmente cuestan &hellip;<\/p>\n<p class=\"read-more\"> <a class=\"\" href=\"https:\/\/etgcorporate.com\/index.php\/salud\/\"> <span class=\"screen-reader-text\">Salud<\/span> Read More &raquo;<\/a><\/p>\n","protected":false},"author":1,"featured_media":0,"parent":0,"menu_order":0,"comment_status":"closed","ping_status":"closed","template":"","meta":{"om_disable_all_campaigns":false,"_monsterinsights_skip_tracking":false,"_monsterinsights_sitenote_active":false,"_monsterinsights_sitenote_note":"","_monsterinsights_sitenote_category":0,"site-sidebar-layout":"no-sidebar","site-content-layout":"page-builder","ast-global-header-display":"","ast-main-header-display":"","ast-hfb-above-header-display":"","ast-hfb-below-header-display":"","ast-hfb-mobile-header-display":"","site-post-title":"disabled","ast-breadcrumbs-content":"","ast-featured-img":"disabled","footer-sml-layout":"","theme-transparent-header-meta":"","adv-header-id-meta":"","stick-header-meta":"","header-above-stick-meta":"","header-main-stick-meta":"","header-below-stick-meta":"","footnotes":""},"aioseo_notices":[],"_links":{"self":[{"href":"https:\/\/etgcorporate.com\/index.php\/wp-json\/wp\/v2\/pages\/1615"}],"collection":[{"href":"https:\/\/etgcorporate.com\/index.php\/wp-json\/wp\/v2\/pages"}],"about":[{"href":"https:\/\/etgcorporate.com\/index.php\/wp-json\/wp\/v2\/types\/page"}],"author":[{"embeddable":true,"href":"https:\/\/etgcorporate.com\/index.php\/wp-json\/wp\/v2\/users\/1"}],"replies":[{"embeddable":true,"href":"https:\/\/etgcorporate.com\/index.php\/wp-json\/wp\/v2\/comments?post=1615"}],"version-history":[{"count":55,"href":"https:\/\/etgcorporate.com\/index.php\/wp-json\/wp\/v2\/pages\/1615\/revisions"}],"predecessor-version":[{"id":1865,"href":"https:\/\/etgcorporate.com\/index.php\/wp-json\/wp\/v2\/pages\/1615\/revisions\/1865"}],"wp:attachment":[{"href":"https:\/\/etgcorporate.com\/index.php\/wp-json\/wp\/v2\/media?parent=1615"}],"curies":[{"name":"wp","href":"https:\/\/api.w.org\/{rel}","templated":true}]}}