{"id":1554,"date":"2024-01-10T04:44:42","date_gmt":"2024-01-10T04:44:42","guid":{"rendered":"https:\/\/etgcorporate.com\/?page_id=1554"},"modified":"2024-01-10T05:23:52","modified_gmt":"2024-01-10T05:23:52","slug":"inmobiliaria","status":"publish","type":"page","link":"https:\/\/etgcorporate.com\/index.php\/inmobiliaria\/","title":{"rendered":"Inmobiliaria"},"content":{"rendered":"\t\t<div data-elementor-type=\"wp-page\" data-elementor-id=\"1554\" class=\"elementor elementor-1554\">\n\t\t\t\t\t\t\t\t\t<section class=\"elementor-section elementor-top-section elementor-element elementor-element-bee3392 elementor-section-boxed elementor-section-height-default elementor-section-height-default\" data-id=\"bee3392\" data-element_type=\"section\">\n\t\t\t\t\t\t<div class=\"elementor-container elementor-column-gap-default\">\n\t\t\t\t\t<div class=\"elementor-column elementor-col-100 elementor-top-column elementor-element elementor-element-6602fd7\" data-id=\"6602fd7\" data-element_type=\"column\">\n\t\t\t<div class=\"elementor-widget-wrap elementor-element-populated\">\n\t\t\t\t\t\t\t\t<div class=\"elementor-element elementor-element-9dbd88d elementor-widget elementor-widget-image\" data-id=\"9dbd88d\" data-element_type=\"widget\" data-widget_type=\"image.default\">\n\t\t\t\t<div class=\"elementor-widget-container\">\n\t\t\t<style>\/*! elementor - v3.7.1 - 14-08-2022 *\/\n.elementor-widget-image{text-align:center}.elementor-widget-image a{display:inline-block}.elementor-widget-image a img[src$=\".svg\"]{width:48px}.elementor-widget-image img{vertical-align:middle;display:inline-block}<\/style>\t\t\t\t\t\t\t\t\t\t\t\t<img loading=\"lazy\" decoding=\"async\" width=\"300\" height=\"159\" src=\"https:\/\/etgcorporate.com\/wp-content\/uploads\/2024\/01\/WhatsApp_Image_2024-01-05_at_20.08.26-removebg-preview-300x159.png\" class=\"attachment-medium size-medium\" alt=\"\" srcset=\"https:\/\/etgcorporate.com\/wp-content\/uploads\/2024\/01\/WhatsApp_Image_2024-01-05_at_20.08.26-removebg-preview-300x159.png 300w, https:\/\/etgcorporate.com\/wp-content\/uploads\/2024\/01\/WhatsApp_Image_2024-01-05_at_20.08.26-removebg-preview.png 686w\" sizes=\"(max-width: 300px) 100vw, 300px\" \/>\t\t\t\t\t\t\t\t\t\t\t\t\t\t\t<\/div>\n\t\t\t\t<\/div>\n\t\t\t\t<div class=\"elementor-element elementor-element-04fb761 elementor-widget elementor-widget-heading\" data-id=\"04fb761\" data-element_type=\"widget\" data-widget_type=\"heading.default\">\n\t\t\t\t<div class=\"elementor-widget-container\">\n\t\t\t<style>\/*! elementor - v3.7.1 - 14-08-2022 *\/\n.elementor-heading-title{padding:0;margin:0;line-height:1}.elementor-widget-heading .elementor-heading-title[class*=elementor-size-]>a{color:inherit;font-size:inherit;line-height:inherit}.elementor-widget-heading .elementor-heading-title.elementor-size-small{font-size:15px}.elementor-widget-heading .elementor-heading-title.elementor-size-medium{font-size:19px}.elementor-widget-heading .elementor-heading-title.elementor-size-large{font-size:29px}.elementor-widget-heading .elementor-heading-title.elementor-size-xl{font-size:39px}.elementor-widget-heading .elementor-heading-title.elementor-size-xxl{font-size:59px}<\/style><h2 class=\"elementor-heading-title elementor-size-default\">Viva feliz. Invierta sabiamente.<\/h2>\t\t<\/div>\n\t\t\t\t<\/div>\n\t\t\t\t<div class=\"elementor-element elementor-element-22d4fc0 elementor-widget elementor-widget-heading\" data-id=\"22d4fc0\" data-element_type=\"widget\" data-widget_type=\"heading.default\">\n\t\t\t\t<div class=\"elementor-widget-container\">\n\t\t\t<h2 class=\"elementor-heading-title elementor-size-default\">\u00bfBusca casas, propiedades y oportunidades de inversi\u00f3n inmobiliaria?\n<\/h2>\t\t<\/div>\n\t\t\t\t<\/div>\n\t\t\t\t<div class=\"elementor-element elementor-element-217d690 elementor-widget elementor-widget-heading\" data-id=\"217d690\" data-element_type=\"widget\" data-widget_type=\"heading.default\">\n\t\t\t\t<div class=\"elementor-widget-container\">\n\t\t\t<h2 class=\"elementor-heading-title elementor-size-default\">Bienes ra\u00edces con prop\u00f3sito: comprar, vender,  alquilar,  administrar e invertir.<\/h2>\t\t<\/div>\n\t\t\t\t<\/div>\n\t\t\t\t<div class=\"elementor-element elementor-element-9002ebc elementor-widget elementor-widget-text-editor\" data-id=\"9002ebc\" data-element_type=\"widget\" data-widget_type=\"text-editor.default\">\n\t\t\t\t<div class=\"elementor-widget-container\">\n\t\t\t<style>\/*! elementor - v3.7.1 - 14-08-2022 *\/\n.elementor-widget-text-editor.elementor-drop-cap-view-stacked .elementor-drop-cap{background-color:#818a91;color:#fff}.elementor-widget-text-editor.elementor-drop-cap-view-framed .elementor-drop-cap{color:#818a91;border:3px solid;background-color:transparent}.elementor-widget-text-editor:not(.elementor-drop-cap-view-default) .elementor-drop-cap{margin-top:8px}.elementor-widget-text-editor:not(.elementor-drop-cap-view-default) .elementor-drop-cap-letter{width:1em;height:1em}.elementor-widget-text-editor .elementor-drop-cap{float:left;text-align:center;line-height:1;font-size:50px}.elementor-widget-text-editor .elementor-drop-cap-letter{display:inline-block}<\/style>\t\t\t\t<p>Ayudamos a las personas a prosperar tomando decisiones con prop\u00f3sito para la compraventa e inversi\u00f3n inmobiliaria.<\/p><p>Para nosotros, es fundamental primero comprender las necesidades reales de nuestros clientes para poder proveer soluciones habitacionales que satisfagan las mismas. Buscamos crear y sostener relaciones de confianza y de largo plazo.<\/p><p>Procuramos siempre adicionar las fortalezas individuales de cada qui\u00e9n con el fin de poder potenciar y fortalecer los resultados y que nuestros clientes internos y externos obtengan el mayor valor posible.<\/p><p>Buscamos siempre tener la mejor actitud, enfoc\u00e1ndonos en automotivarnos y motivar y celebrar cada d\u00eda los logros de nuestros colaboradores y clientes.<\/p><p>Somos apasionados de lo que hacemos, por eso buscamos poner toda nuestra energ\u00eda en aprender de nuestras experiencias diarias, procurando ser muy resilientes para enfocarnos cada d\u00eda en obtener los mejores resultados.<\/p><p>Procuramos organizar nuestras actividades cada d\u00eda, tendemos a la mejora continua de nuestros procesos y herramientas tecnol\u00f3gicas con el fin de cumplir con nuestras metas.<\/p><p>Estamos fuertemente comprometidos con proporcionar altos niveles de servicio a nuestros clientes, tanto internos como externos, buscando atender a la mayor brevedad sus requerimientos.<\/p><p>\u00a0<\/p><p>\u00a0<\/p>\t\t\t\t\t\t<\/div>\n\t\t\t\t<\/div>\n\t\t\t\t<div class=\"elementor-element elementor-element-35c9d42 elementor-widget elementor-widget-heading\" data-id=\"35c9d42\" data-element_type=\"widget\" data-widget_type=\"heading.default\">\n\t\t\t\t<div class=\"elementor-widget-container\">\n\t\t\t<h4 class=\"elementor-heading-title elementor-size-default\">Cont\u00e1ctanos<br>Correo: Inmobiliaria.etg@gmail.com<br>Tel\u00e9fono: 6150-2725<\/h4>\t\t<\/div>\n\t\t\t\t<\/div>\n\t\t\t\t\t<\/div>\n\t\t<\/div>\n\t\t\t\t\t\t\t<\/div>\n\t\t<\/section>\n\t\t\t\t\t\t\t<\/div>\n\t\t","protected":false},"excerpt":{"rendered":"<p>Viva feliz. Invierta sabiamente. \u00bfBusca casas, propiedades y oportunidades de inversi\u00f3n inmobiliaria? Bienes ra\u00edces con prop\u00f3sito: comprar, vender, alquilar, administrar e invertir. Ayudamos a las personas a prosperar tomando decisiones con prop\u00f3sito para la compraventa e inversi\u00f3n inmobiliaria. Para nosotros, es fundamental primero comprender las necesidades reales de nuestros clientes para poder proveer soluciones habitacionales &hellip;<\/p>\n<p class=\"read-more\"> <a class=\"\" href=\"https:\/\/etgcorporate.com\/index.php\/inmobiliaria\/\"> <span class=\"screen-reader-text\">Inmobiliaria<\/span> Read More &raquo;<\/a><\/p>\n","protected":false},"author":1,"featured_media":0,"parent":0,"menu_order":0,"comment_status":"closed","ping_status":"closed","template":"","meta":{"om_disable_all_campaigns":false,"_monsterinsights_skip_tracking":false,"_monsterinsights_sitenote_active":false,"_monsterinsights_sitenote_note":"","_monsterinsights_sitenote_category":0,"site-sidebar-layout":"no-sidebar","site-content-layout":"page-builder","ast-global-header-display":"","ast-main-header-display":"","ast-hfb-above-header-display":"","ast-hfb-below-header-display":"","ast-hfb-mobile-header-display":"","site-post-title":"disabled","ast-breadcrumbs-content":"","ast-featured-img":"disabled","footer-sml-layout":"","theme-transparent-header-meta":"","adv-header-id-meta":"","stick-header-meta":"","header-above-stick-meta":"","header-main-stick-meta":"","header-below-stick-meta":"","footnotes":""},"aioseo_notices":[],"_links":{"self":[{"href":"https:\/\/etgcorporate.com\/index.php\/wp-json\/wp\/v2\/pages\/1554"}],"collection":[{"href":"https:\/\/etgcorporate.com\/index.php\/wp-json\/wp\/v2\/pages"}],"about":[{"href":"https:\/\/etgcorporate.com\/index.php\/wp-json\/wp\/v2\/types\/page"}],"author":[{"embeddable":true,"href":"https:\/\/etgcorporate.com\/index.php\/wp-json\/wp\/v2\/users\/1"}],"replies":[{"embeddable":true,"href":"https:\/\/etgcorporate.com\/index.php\/wp-json\/wp\/v2\/comments?post=1554"}],"version-history":[{"count":47,"href":"https:\/\/etgcorporate.com\/index.php\/wp-json\/wp\/v2\/pages\/1554\/revisions"}],"predecessor-version":[{"id":1611,"href":"https:\/\/etgcorporate.com\/index.php\/wp-json\/wp\/v2\/pages\/1554\/revisions\/1611"}],"wp:attachment":[{"href":"https:\/\/etgcorporate.com\/index.php\/wp-json\/wp\/v2\/media?parent=1554"}],"curies":[{"name":"wp","href":"https:\/\/api.w.org\/{rel}","templated":true}]}}