{"id":1350,"date":"2022-08-18T00:10:13","date_gmt":"2022-08-18T00:10:13","guid":{"rendered":"https:\/\/etgcorporate.com\/?page_id=1350"},"modified":"2024-05-27T04:34:12","modified_gmt":"2024-05-27T04:34:12","slug":"erp","status":"publish","type":"page","link":"https:\/\/etgcorporate.com\/index.php\/erp\/","title":{"rendered":"ERP"},"content":{"rendered":"\t\t<div data-elementor-type=\"wp-page\" data-elementor-id=\"1350\" class=\"elementor elementor-1350\">\n\t\t\t\t\t\t\t\t\t<section class=\"elementor-section elementor-top-section elementor-element elementor-element-15871fb elementor-section-boxed elementor-section-height-default elementor-section-height-default\" data-id=\"15871fb\" data-element_type=\"section\">\n\t\t\t\t\t\t<div class=\"elementor-container elementor-column-gap-default\">\n\t\t\t\t\t<div class=\"elementor-column elementor-col-100 elementor-top-column elementor-element elementor-element-6b5b6c4\" data-id=\"6b5b6c4\" data-element_type=\"column\">\n\t\t\t<div class=\"elementor-widget-wrap elementor-element-populated\">\n\t\t\t\t\t\t\t\t<div class=\"elementor-element elementor-element-c3eab5e elementor-widget elementor-widget-image\" data-id=\"c3eab5e\" data-element_type=\"widget\" data-widget_type=\"image.default\">\n\t\t\t\t<div class=\"elementor-widget-container\">\n\t\t\t<style>\/*! elementor - v3.7.1 - 14-08-2022 *\/\n.elementor-widget-image{text-align:center}.elementor-widget-image a{display:inline-block}.elementor-widget-image a img[src$=\".svg\"]{width:48px}.elementor-widget-image img{vertical-align:middle;display:inline-block}<\/style>\t\t\t\t\t\t\t\t\t\t\t\t<img loading=\"lazy\" decoding=\"async\" width=\"629\" height=\"396\" src=\"https:\/\/etgcorporate.com\/wp-content\/uploads\/2024\/05\/ERP-ETG-Web-removebg-preview.png\" class=\"attachment-medium_large size-medium_large\" alt=\"\" srcset=\"https:\/\/etgcorporate.com\/wp-content\/uploads\/2024\/05\/ERP-ETG-Web-removebg-preview.png 629w, https:\/\/etgcorporate.com\/wp-content\/uploads\/2024\/05\/ERP-ETG-Web-removebg-preview-300x189.png 300w\" sizes=\"(max-width: 629px) 100vw, 629px\" \/>\t\t\t\t\t\t\t\t\t\t\t\t\t\t\t<\/div>\n\t\t\t\t<\/div>\n\t\t\t\t<div class=\"elementor-element elementor-element-019c941 elementor-widget elementor-widget-text-editor\" data-id=\"019c941\" data-element_type=\"widget\" data-widget_type=\"text-editor.default\">\n\t\t\t\t<div class=\"elementor-widget-container\">\n\t\t\t<style>\/*! elementor - v3.7.1 - 14-08-2022 *\/\n.elementor-widget-text-editor.elementor-drop-cap-view-stacked .elementor-drop-cap{background-color:#818a91;color:#fff}.elementor-widget-text-editor.elementor-drop-cap-view-framed .elementor-drop-cap{color:#818a91;border:3px solid;background-color:transparent}.elementor-widget-text-editor:not(.elementor-drop-cap-view-default) .elementor-drop-cap{margin-top:8px}.elementor-widget-text-editor:not(.elementor-drop-cap-view-default) .elementor-drop-cap-letter{width:1em;height:1em}.elementor-widget-text-editor .elementor-drop-cap{float:left;text-align:center;line-height:1;font-size:50px}.elementor-widget-text-editor .elementor-drop-cap-letter{display:inline-block}<\/style>\t\t\t\t<p>Hoy en d\u00eda, muchas empresas buscan un sistema ERP para su compa\u00f1\u00eda, pero \u00bfqu\u00e9 es exactamente un ERP y en qu\u00e9 puede beneficiar a una empresa?<\/p><p><strong>Definici\u00f3n de un sistema ERP<\/strong><\/p><p>El t\u00e9rmino ERP se refiere a Enterprise Resource Planning, que significa \u201csistema de planificaci\u00f3n de recursos empresariales\u201d. Estos programas se hacen cargo de distintas operaciones internas de una empresa, desde producci\u00f3n a distribuci\u00f3n o incluso recursos humanos.<\/p><p><strong>Ventajas de un sistema ERP<\/strong><\/p><ul><li>Automatizaci\u00f3n de procesos de la empresa.<\/li><li>Disponibilidad de la informaci\u00f3n de la empresa en una misma plataforma.<\/li><li>Integraci\u00f3n de las distintas bases de datos de una compa\u00f1\u00eda en un solo programa.<\/li><li>Ahorro de tiempo y costos.<\/li><\/ul><p><strong>\u00bfQu\u00e9 empresas necesitan un sistema ERP?<\/strong><\/p><p>Un sistema ERP es adecuado para todo tipo de empresas, tanto multinacionales como PYMES. Adem\u00e1s, gracias a los distintos m\u00f3dulos personalizables, cualquier empresa, sin importar los diferentes procesos que tenga o el sector al que pertenece, puede personalizar su propio ERP.<\/p>\t\t\t\t\t\t<\/div>\n\t\t\t\t<\/div>\n\t\t\t\t<div class=\"elementor-element elementor-element-f81a4cc elementor-widget elementor-widget-image\" data-id=\"f81a4cc\" data-element_type=\"widget\" data-widget_type=\"image.default\">\n\t\t\t\t<div class=\"elementor-widget-container\">\n\t\t\t\t\t\t\t\t\t\t\t\t\t\t\t<img loading=\"lazy\" decoding=\"async\" width=\"768\" height=\"455\" src=\"https:\/\/etgcorporate.com\/wp-content\/uploads\/2022\/08\/WhatsApp-Image-2022-08-04-at-2.30.15-PM-768x455.jpeg\" class=\"attachment-medium_large size-medium_large\" alt=\"\" srcset=\"https:\/\/etgcorporate.com\/wp-content\/uploads\/2022\/08\/WhatsApp-Image-2022-08-04-at-2.30.15-PM-768x455.jpeg 768w, https:\/\/etgcorporate.com\/wp-content\/uploads\/2022\/08\/WhatsApp-Image-2022-08-04-at-2.30.15-PM-300x178.jpeg 300w, https:\/\/etgcorporate.com\/wp-content\/uploads\/2022\/08\/WhatsApp-Image-2022-08-04-at-2.30.15-PM-1024x607.jpeg 1024w, https:\/\/etgcorporate.com\/wp-content\/uploads\/2022\/08\/WhatsApp-Image-2022-08-04-at-2.30.15-PM.jpeg 1280w\" sizes=\"(max-width: 768px) 100vw, 768px\" \/>\t\t\t\t\t\t\t\t\t\t\t\t\t\t\t<\/div>\n\t\t\t\t<\/div>\n\t\t\t\t<div class=\"elementor-element elementor-element-b4d8c65 elementor-widget elementor-widget-text-editor\" data-id=\"b4d8c65\" data-element_type=\"widget\" data-widget_type=\"text-editor.default\">\n\t\t\t\t<div class=\"elementor-widget-container\">\n\t\t\t\t\t\t\t<p>El uso adecuado de las herramientas del ERP puede marcar una gran diferencia entre una empresa que logra el crecimiento y una que no lo hace, entre un servicio al cliente de excelencia o uno deficiente, entre un manejo de inventarios eficiente y la p\u00e9rdida de dinero y recursos, entre el \u00e9xito o fracaso de una organizaci\u00f3n.<\/p>\t\t\t\t\t\t<\/div>\n\t\t\t\t<\/div>\n\t\t\t\t<div class=\"elementor-element elementor-element-db94300 elementor-align-center elementor-widget elementor-widget-button\" data-id=\"db94300\" data-element_type=\"widget\" data-widget_type=\"button.default\">\n\t\t\t\t<div class=\"elementor-widget-container\">\n\t\t\t\t\t<div class=\"elementor-button-wrapper\">\n\t\t\t<a href=\"https:\/\/soluciones-etg.com\/\" class=\"elementor-button-link elementor-button elementor-size-md\" role=\"button\">\n\t\t\t\t\t\t<span class=\"elementor-button-content-wrapper\">\n\t\t\t\t\t\t<span class=\"elementor-button-text\">Con\u00f3cenos<\/span>\n\t\t<\/span>\n\t\t\t\t\t<\/a>\n\t\t<\/div>\n\t\t\t\t<\/div>\n\t\t\t\t<\/div>\n\t\t\t\t\t<\/div>\n\t\t<\/div>\n\t\t\t\t\t\t\t<\/div>\n\t\t<\/section>\n\t\t\t\t\t\t\t<\/div>\n\t\t","protected":false},"excerpt":{"rendered":"<p>Hoy en d\u00eda, muchas empresas buscan un sistema ERP para su compa\u00f1\u00eda, pero \u00bfqu\u00e9 es exactamente un ERP y en qu\u00e9 puede beneficiar a una empresa? Definici\u00f3n de un sistema ERP El t\u00e9rmino ERP se refiere a Enterprise Resource Planning, que significa \u201csistema de planificaci\u00f3n de recursos empresariales\u201d. Estos programas se hacen cargo de distintas &hellip;<\/p>\n<p class=\"read-more\"> <a class=\"\" href=\"https:\/\/etgcorporate.com\/index.php\/erp\/\"> <span class=\"screen-reader-text\">ERP<\/span> Read More &raquo;<\/a><\/p>\n","protected":false},"author":1,"featured_media":0,"parent":0,"menu_order":0,"comment_status":"closed","ping_status":"closed","template":"","meta":{"om_disable_all_campaigns":false,"_monsterinsights_skip_tracking":false,"_monsterinsights_sitenote_active":false,"_monsterinsights_sitenote_note":"","_monsterinsights_sitenote_category":0,"site-sidebar-layout":"no-sidebar","site-content-layout":"page-builder","ast-global-header-display":"","ast-main-header-display":"","ast-hfb-above-header-display":"","ast-hfb-below-header-display":"","ast-hfb-mobile-header-display":"","site-post-title":"disabled","ast-breadcrumbs-content":"","ast-featured-img":"disabled","footer-sml-layout":"","theme-transparent-header-meta":"","adv-header-id-meta":"","stick-header-meta":"","header-above-stick-meta":"","header-main-stick-meta":"","header-below-stick-meta":"","footnotes":""},"aioseo_notices":[],"_links":{"self":[{"href":"https:\/\/etgcorporate.com\/index.php\/wp-json\/wp\/v2\/pages\/1350"}],"collection":[{"href":"https:\/\/etgcorporate.com\/index.php\/wp-json\/wp\/v2\/pages"}],"about":[{"href":"https:\/\/etgcorporate.com\/index.php\/wp-json\/wp\/v2\/types\/page"}],"author":[{"embeddable":true,"href":"https:\/\/etgcorporate.com\/index.php\/wp-json\/wp\/v2\/users\/1"}],"replies":[{"embeddable":true,"href":"https:\/\/etgcorporate.com\/index.php\/wp-json\/wp\/v2\/comments?post=1350"}],"version-history":[{"count":19,"href":"https:\/\/etgcorporate.com\/index.php\/wp-json\/wp\/v2\/pages\/1350\/revisions"}],"predecessor-version":[{"id":1810,"href":"https:\/\/etgcorporate.com\/index.php\/wp-json\/wp\/v2\/pages\/1350\/revisions\/1810"}],"wp:attachment":[{"href":"https:\/\/etgcorporate.com\/index.php\/wp-json\/wp\/v2\/media?parent=1350"}],"curies":[{"name":"wp","href":"https:\/\/api.w.org\/{rel}","templated":true}]}}